{"id":347,"date":"2025-09-08T10:37:43","date_gmt":"2025-09-08T08:37:43","guid":{"rendered":"https:\/\/flexwai.cluster100.hosting.ovh.net\/?page_id=347"},"modified":"2025-12-22T20:54:39","modified_gmt":"2025-12-22T19:54:39","slug":"decouvrez-flexwatt","status":"publish","type":"page","link":"https:\/\/flexwatt.fr\/","title":{"rendered":"D\u00e9couvrez Flexwatt"},"content":{"rendered":"\n<div class=\"wp-block-cover alignfull\" style=\"min-height:638px;aspect-ratio:unset;\"><video class=\"wp-block-cover__video-background intrinsic-ignore\" autoplay muted loop playsinline src=\"https:\/\/flexwatt.fr\/wp-content\/uploads\/2025\/12\/flexwatt_site_image.mp4\" data-object-fit=\"cover\"><\/video><span aria-hidden=\"true\" class=\"wp-block-cover__background has-background-dim-60 has-background-dim wp-block-cover__gradient-background has-background-gradient\" style=\"background:linear-gradient(135deg,rgb(17,55,85) 50%,rgb(133,209,117) 100%)\"><\/span><div class=\"wp-block-cover__inner-container has-global-padding is-layout-constrained wp-block-cover-is-layout-constrained\">\n<h1 class=\"wp-block-heading has-text-align-center has-text-color\" style=\"color:#ffffff;margin-top:0px;margin-bottom:32px;font-size:clamp(36.08px, 2.255rem + ((1vw - 3.2px) * 3.4), 66px);font-style:normal;font-weight:400;line-height:1.2\"><strong>Acc\u00e9l\u00e9rez votre transition \u00e9nerg\u00e9tique<\/strong><\/h1>\n<\/div><\/div>\n\n\n\n<div class=\"wp-block-cover alignfull is-light ma_section has-text-color\" style=\"color:#113755;margin-top:0px;margin-bottom:0px;padding-top:6.01rem;padding-right:20px;padding-bottom:6.01rem;padding-left:20px\" id=\"nos_solutions\"><span aria-hidden=\"true\" class=\"wp-block-cover__background has-custom-color-1-background-color has-background-dim-0 has-background-dim\"><\/span><div class=\"wp-block-cover__inner-container is-layout-flow wp-block-cover-is-layout-flow\">\n<h2 class=\"wp-block-heading has-text-align-center has-text-color\" style=\"color:#113755;margin-top:0px;margin-right:0px;margin-bottom:16px;margin-left:0px;font-size:clamp(25.984px, 1.624rem + ((1vw - 3.2px) * 2.047), 44px);font-style:normal;font-weight:400;line-height:1.2\">Nos solutions<\/h2>\n\n\n\n<hr class=\"wp-block-separator has-text-color has-alpha-channel-opacity has-background\" style=\"margin-top:0px;margin-bottom:50px;background-color:#1cadd9;color:#1cadd9\"\/>\n\n\n\n<div class=\"wp-block-columns is-layout-flex wp-container-core-columns-is-layout-13e94aa7 wp-block-columns-is-layout-flex\">\n<div class=\"wp-block-column bloc_avec_espace is-layout-flow wp-container-core-column-is-layout-da1d6529 wp-block-column-is-layout-flow\">\n<figure class=\"wp-block-image size-full\"><img loading=\"lazy\" decoding=\"async\" width=\"1024\" height=\"1024\" src=\"https:\/\/flexwai.cluster100.hosting.ovh.net\/wp-content\/uploads\/2025\/05\/flexwatt_storage_bess_bright.jpg\" alt=\"\" class=\"wp-image-216\" style=\"aspect-ratio:3\/4;object-fit:cover\" srcset=\"https:\/\/flexwatt.fr\/wp-content\/uploads\/2025\/05\/flexwatt_storage_bess_bright.jpg 1024w, https:\/\/flexwatt.fr\/wp-content\/uploads\/2025\/05\/flexwatt_storage_bess_bright-300x300.jpg 300w, https:\/\/flexwatt.fr\/wp-content\/uploads\/2025\/05\/flexwatt_storage_bess_bright-150x150.jpg 150w, https:\/\/flexwatt.fr\/wp-content\/uploads\/2025\/05\/flexwatt_storage_bess_bright-768x768.jpg 768w\" sizes=\"auto, (max-width: 1024px) 100vw, 1024px\" \/><\/figure>\n\n\n\n<h2 class=\"wp-block-heading has-text-align-center solution has-text-color\" style=\"color:#113755;margin-top:1.75rem;font-size:clamp(20px, 1.25rem + ((1vw - 3.2px) * 1.364), 32px);font-style:normal;font-weight:400\">Stockage d&rsquo;\u00e9nergie<\/h2>\n\n\n\n<p class=\"has-text-align-center\" style=\"font-size:clamp(14px, 0.875rem + ((1vw - 3.2px) * 0.455), 18px);\"><strong>Transformez l\u2019intermittence en atout strat\u00e9gique pour votre activit\u00e9.<\/strong><\/p>\n\n\n\n<p class=\"alignement_txt_j has-text-color\" style=\"color:#113755;margin-top:30px;margin-bottom:0px;font-size:clamp(14px, 0.875rem + ((1vw - 3.2px) * 0.227), 16px);\">Nos syst\u00e8mes de stockage par batteries absorbent vos exc\u00e9dents d\u2019\u00e9nergie et les restituent lorsque votre site ou le r\u00e9seau en ont r\u00e9ellement besoin.<br>Vous renforcez ainsi votre s\u00e9curit\u00e9 \u00e9nerg\u00e9tique, limitez l\u2019impact des al\u00e9as r\u00e9seau et des variations de prix, tout en pr\u00e9servant la continuit\u00e9 de vos op\u00e9rations.<br>Flexwatt con\u00e7oit, dimensionne, int\u00e8gre et exploite ces solutions avec vous, pour faire de votre flexibilit\u00e9 \u00e9lectrique un levier concret de performance et de d\u00e9carbonation, au service de vos engagements et de ceux de vos partenaires \u00e9nerg\u00e9tiques.<\/p>\n<\/div>\n\n\n\n<div class=\"wp-block-column bloc_avec_espace is-layout-flow wp-container-core-column-is-layout-fe0e2ea3 wp-block-column-is-layout-flow\">\n<figure class=\"wp-block-image size-full\"><img loading=\"lazy\" decoding=\"async\" width=\"1024\" height=\"1536\" src=\"https:\/\/flexwai.cluster100.hosting.ovh.net\/wp-content\/uploads\/2025\/05\/flexwatt_photovoltaique_bright.jpg\" alt=\"\" class=\"wp-image-217\" style=\"aspect-ratio:3\/4;object-fit:cover\" srcset=\"https:\/\/flexwatt.fr\/wp-content\/uploads\/2025\/05\/flexwatt_photovoltaique_bright.jpg 1024w, https:\/\/flexwatt.fr\/wp-content\/uploads\/2025\/05\/flexwatt_photovoltaique_bright-200x300.jpg 200w, https:\/\/flexwatt.fr\/wp-content\/uploads\/2025\/05\/flexwatt_photovoltaique_bright-683x1024.jpg 683w, https:\/\/flexwatt.fr\/wp-content\/uploads\/2025\/05\/flexwatt_photovoltaique_bright-768x1152.jpg 768w\" sizes=\"auto, (max-width: 1024px) 100vw, 1024px\" \/><\/figure>\n\n\n\n<h2 class=\"wp-block-heading has-text-align-center solution has-text-color\" style=\"color:#113755;margin-top:1.75rem;font-size:clamp(20px, 1.25rem + ((1vw - 3.2px) * 1.364), 32px);font-style:normal;font-weight:400\">Autoconsommation<\/h2>\n\n\n\n<p class=\"has-text-align-center\" style=\"font-size:clamp(14px, 0.875rem + ((1vw - 3.2px) * 0.455), 18px);\"><strong>L\u2019ind\u00e9pendance \u00e9nerg\u00e9tique au service de votre comp\u00e9titivit\u00e9<\/strong>.<\/p>\n\n\n\n<p class=\"alignement_txt_j has-text-color\" style=\"color:#113755;margin-top:30px;font-size:clamp(14px, 0.875rem + ((1vw - 3.2px) * 0.227), 16px);\">Nous valorisons vos toitures, parkings et fonciers disponibles en y d\u00e9ployant des centrales solaires intelligentes, \u00e9ventuellement coupl\u00e9es au stockage, sans perturber votre c\u0153ur d\u2019activit\u00e9.<br>Vous produisez une \u00e9lectricit\u00e9 locale et bas-carbone qui s\u00e9curise une partie de vos co\u00fbts et r\u00e9duit durablement votre empreinte environnementale.<br>Flexwatt dimensionne et pilote ces syst\u00e8mes pour qu\u2019ils s\u2019int\u00e8grent \u00e0 vos contraintes industrielles, r\u00e9glementaires et budg\u00e9taires, et s\u2019inscrivent dans vos engagements RSE comme dans vos projets d\u2019autoconsommation, individuelle ou collective.<\/p>\n<\/div>\n\n\n\n<div class=\"wp-block-column is-layout-flow wp-container-core-column-is-layout-da1d6529 wp-block-column-is-layout-flow\">\n<figure class=\"wp-block-image size-full\"><img loading=\"lazy\" decoding=\"async\" width=\"1024\" height=\"1536\" src=\"https:\/\/flexwai.cluster100.hosting.ovh.net\/wp-content\/uploads\/2025\/05\/flexwatt_services_energetiques_bright.jpg\" alt=\"\" class=\"wp-image-218\" style=\"aspect-ratio:3\/4;object-fit:cover\" srcset=\"https:\/\/flexwatt.fr\/wp-content\/uploads\/2025\/05\/flexwatt_services_energetiques_bright.jpg 1024w, https:\/\/flexwatt.fr\/wp-content\/uploads\/2025\/05\/flexwatt_services_energetiques_bright-200x300.jpg 200w, https:\/\/flexwatt.fr\/wp-content\/uploads\/2025\/05\/flexwatt_services_energetiques_bright-683x1024.jpg 683w, https:\/\/flexwatt.fr\/wp-content\/uploads\/2025\/05\/flexwatt_services_energetiques_bright-768x1152.jpg 768w\" sizes=\"auto, (max-width: 1024px) 100vw, 1024px\" \/><\/figure>\n\n\n\n<h2 class=\"wp-block-heading has-text-align-center solution has-text-color\" style=\"color:#113755;margin-top:1.75rem;font-size:clamp(20px, 1.25rem + ((1vw - 3.2px) * 1.364), 32px);font-style:normal;font-weight:400\">Services \u00e9nerg\u00e9tiques<\/h2>\n\n\n\n<p class=\"has-text-align-center\" style=\"font-size:clamp(14px, 0.875rem + ((1vw - 3.2px) * 0.455), 18px);\"><strong>Votre performance \u00e9nerg\u00e9tique, pilot\u00e9e, optimis\u00e9e, s\u00e9curis\u00e9e.<\/strong><\/p>\n\n\n\n<p class=\"alignement_txt_j has-text-color\" style=\"color:#113755;margin-top:30px;font-size:clamp(14px, 0.875rem + ((1vw - 3.2px) * 0.227), 16px);\">La performance d\u2019un projet \u00e9nerg\u00e9tique se joue sur la dur\u00e9e : nous assurons le suivi, le pilotage fin et la maintenance de vos actifs pour qu\u2019ils d\u00e9livrent leur plein potentiel.<br>Gr\u00e2ce \u00e0 une supervision continue et \u00e0 des sc\u00e9narios de fonctionnement adapt\u00e9s \u00e0 vos usages, nous transformons la complexit\u00e9 des march\u00e9s et des donn\u00e9es en d\u00e9cisions simples et op\u00e9rationnelles pour vos \u00e9quipes.<br>Vous disposez d\u2019indicateurs clairs, d\u2019une vision consolid\u00e9e de vos installations et d\u2019un interlocuteur unique pour faire \u00e9voluer votre strat\u00e9gie \u00e9nerg\u00e9tique au rythme de vos enjeux industriels, financiers et climatiques.<\/p>\n<\/div>\n<\/div>\n<\/div><\/div>\n\n\n\n<section class=\"wp-block-group alignfull has-text-color has-background has-global-padding is-layout-constrained wp-container-core-group-is-layout-a65acd77 wp-block-group-is-layout-constrained\" id=\"qui_sommes_nous\" style=\"color:#fffffd;background-color:#113755;margin-top:0rem;margin-bottom:0rem;padding-right:1rem;padding-left:1rem;font-size:clamp(0.875rem, 0.875rem + ((1vw - 0.2rem) * 0.464), 1.13rem);font-style:normal;font-weight:400;line-height:1.5\">\n<div class=\"wp-block-group ma_section has-global-padding is-layout-constrained wp-container-core-group-is-layout-a4e55b9c wp-block-group-is-layout-constrained\" style=\"padding-top:6.01rem;padding-bottom:6.01rem\">\n<div class=\"wp-block-group is-layout-flow wp-block-group-is-layout-flow\" style=\"margin-top:0;margin-bottom:0;padding-top:0;padding-right:1rem;padding-bottom:0;padding-left:1rem\">\n<h2 class=\"wp-block-heading has-text-align-center has-text-color\" style=\"color:#ffffff;margin-top:0px;margin-right:0px;margin-bottom:16px;margin-left:0px;font-size:clamp(25.984px, 1.624rem + ((1vw - 3.2px) * 2.047), 44px);font-style:normal;font-weight:400;line-height:1.2\">Qui sommes-nous ?<\/h2>\n\n\n\n<hr class=\"wp-block-separator has-text-color has-alpha-channel-opacity has-background\" style=\"margin-top:0px;margin-bottom:50px;background-color:#ffffff;color:#ffffff\"\/>\n\n\n\n<h3 class=\"wp-block-heading has-text-align-center has-text-color has-link-color wp-elements-8fbab15375f589d3ba69169366c36040\" style=\"color:#ffffff;font-size:clamp(14.642px, 0.915rem + ((1vw - 3.2px) * 0.836), 22px);text-transform:uppercase\">Op\u00e9rateur de stockage engag\u00e9 aux c\u00f4t\u00e9s des territoires et des industriels.<\/h3>\n\n\n\n<div class=\"wp-block-group has-global-padding is-layout-constrained wp-container-core-group-is-layout-7de17faa wp-block-group-is-layout-constrained\" style=\"margin-top:34px\">\n<p class=\"has-text-align-left alignement_txt_j\">Chez <strong>Flexwatt<\/strong>, nous \u00e9levons la transition \u00e9nerg\u00e9tique au rang de d\u00e9cision industrielle strat\u00e9gique.<\/p>\n\n\n\n<p class=\"has-text-align-left alignement_txt_j\">Sp\u00e9cialistes du stockage d\u2019\u00e9nergie (BESS) et de la production d\u00e9carbon\u00e9e, nous combinons ing\u00e9nierie de pointe et ma\u00eetrise des march\u00e9s pour concevoir des infrastructures durables, adapt\u00e9es aux r\u00e9alit\u00e9s des sites industriels, tertiaires et des collectivit\u00e9s.<\/p>\n\n\n\n<p class=\"alignement_txt_j\">En tant que partenaire op\u00e9rationnel de long terme, nous s\u00e9curisons la performance de vos actifs en alignant stabilit\u00e9 des r\u00e9seaux, d\u00e9carbonation et rentabilit\u00e9, en coordination avec vos partenaires financiers et \u00e9nerg\u00e9tiques.<\/p>\n\n\n\n<p class=\"alignement_txt_j\">Notre exigence : transformer vos projets \u00e9nerg\u00e9tiques en leviers concrets de comp\u00e9titivit\u00e9 et de r\u00e9silience pour votre organisation.<br><\/p>\n<\/div>\n<\/div>\n<\/div>\n<\/section>\n\n\n\n<section class=\"wp-block-group alignfull has-text-color has-background has-global-padding is-layout-constrained wp-container-core-group-is-layout-a65acd77 wp-block-group-is-layout-constrained\" id=\"nous_contacter\" style=\"color:#113755;background-color:#1cadd926;margin-top:0rem;margin-bottom:0rem;padding-right:1rem;padding-left:1rem;font-size:clamp(0.875rem, 0.875rem + ((1vw - 0.2rem) * 0.464), 1.13rem);font-style:normal;font-weight:400;line-height:1.5\">\n<div class=\"wp-block-group ma_section has-global-padding is-layout-constrained wp-container-core-group-is-layout-a4e55b9c wp-block-group-is-layout-constrained\" style=\"padding-top:6.01rem;padding-bottom:6.01rem\">\n<div class=\"wp-block-group is-layout-flow wp-block-group-is-layout-flow\" style=\"margin-top:0;margin-bottom:0;padding-top:0;padding-right:1rem;padding-bottom:0;padding-left:1rem\">\n<h2 class=\"wp-block-heading has-text-align-center has-text-color\" style=\"color:#113755;margin-top:0px;margin-right:0px;margin-bottom:16px;margin-left:0px;font-size:clamp(25.984px, 1.624rem + ((1vw - 3.2px) * 2.047), 44px);font-style:normal;font-weight:400;line-height:1.2\">Contactez notre \u00e9quipe<\/h2>\n\n\n\n<hr class=\"wp-block-separator has-text-color has-alpha-channel-opacity has-background\" style=\"margin-top:0px;margin-bottom:26px;background-color:#1cadd9;color:#1cadd9\"\/>\n\n\n\n<div class=\"wp-block-columns alignwide is-layout-flex wp-container-core-columns-is-layout-490e31bc wp-block-columns-is-layout-flex\" style=\"margin-top:0px;margin-bottom:0px;padding-top:0px;padding-right:0px;padding-bottom:0px;padding-left:0px\">\n<div class=\"wp-block-column nous_contacter_infos is-layout-flow wp-container-core-column-is-layout-3463764a wp-block-column-is-layout-flow\" style=\"padding-top:80px\">\n<h6 class=\"wp-block-heading has-text-color\" style=\"color:#1cadd9;margin-top:0px;margin-bottom:0px;padding-top:0px;padding-bottom:0px;font-size:14px;font-style:normal;font-weight:400\">Nous \u00c9crire<\/h6>\n\n\n\n<p class=\"has-text-color\" style=\"color:#113755;padding-top:6px;padding-bottom:45px;font-size:clamp(14px, 0.875rem + ((1vw - 3.2px) * 0.455), 18px);\">contact@flexwatt.fr<\/p>\n\n\n\n<h6 class=\"wp-block-heading has-text-color\" style=\"color:#1cadd9;margin-bottom:0;font-size:14px;font-style:normal;font-weight:400\">Nous appeler<\/h6>\n\n\n\n<p class=\"has-text-color\" style=\"color:#113755;padding-top:6px;padding-bottom:45px;font-size:clamp(14px, 0.875rem + ((1vw - 3.2px) * 0.455), 18px);\">02 38 69 80 52<\/p>\n\n\n\n<h6 class=\"wp-block-heading has-text-color\" style=\"color:#1cadd9;font-size:14px;font-style:normal;font-weight:400\">nous rencontrer<\/h6>\n\n\n\n<div class=\"wp-block-media-text alignfull is-stacked-on-mobile is-vertically-aligned-center labo_adress\" style=\"padding-top:6px;padding-bottom:40px;grid-template-columns:15% auto\"><figure class=\"wp-block-media-text__media\"><a href=\"https:\/\/maps.app.goo.gl\/ipRWom9EfQkx9Dcf8\" target=\"_blank\" rel=\" noreferrer noopener\"><img loading=\"lazy\" decoding=\"async\" width=\"500\" height=\"500\" src=\"https:\/\/flexwai.cluster100.hosting.ovh.net\/wp-content\/uploads\/2025\/04\/labo_logo.png\" alt=\"\" class=\"wp-image-174 size-full\" srcset=\"https:\/\/flexwatt.fr\/wp-content\/uploads\/2025\/04\/labo_logo.png 500w, https:\/\/flexwatt.fr\/wp-content\/uploads\/2025\/04\/labo_logo-300x300.png 300w, https:\/\/flexwatt.fr\/wp-content\/uploads\/2025\/04\/labo_logo-150x150.png 150w\" sizes=\"auto, (max-width: 500px) 100vw, 500px\" \/><\/a><\/figure><div class=\"wp-block-media-text__content\">\n<p class=\"has-text-color has-link-color wp-elements-6e942291a7931f624725fa8e24a0e1b1\" style=\"color:#113755;font-size:clamp(14px, 0.875rem + ((1vw - 3.2px) * 0.455), 18px);\">1 avenue du Champs de Mars 45100 Orl\u00e9ans<\/p>\n<\/div><\/div>\n\n\n\n<h6 class=\"wp-block-heading has-text-color\" style=\"color:#1cadd9;font-size:14px;font-style:normal;font-weight:400\">nous Suivre<\/h6>\n\n\n\n<ul class=\"wp-block-social-links is-style-default is-layout-flex wp-block-social-links-is-layout-flex\" style=\"margin-top:10px\"><li class=\"wp-social-link wp-social-link-linkedin  wp-block-social-link\"><a rel=\"noopener nofollow\" target=\"_blank\" href=\"https:\/\/www.linkedin.com\/company\/flexwatt\/\" class=\"wp-block-social-link-anchor\"><svg width=\"24\" height=\"24\" viewBox=\"0 0 24 24\" version=\"1.1\" xmlns=\"http:\/\/www.w3.org\/2000\/svg\" aria-hidden=\"true\" focusable=\"false\"><path d=\"M19.7,3H4.3C3.582,3,3,3.582,3,4.3v15.4C3,20.418,3.582,21,4.3,21h15.4c0.718,0,1.3-0.582,1.3-1.3V4.3 C21,3.582,20.418,3,19.7,3z M8.339,18.338H5.667v-8.59h2.672V18.338z M7.004,8.574c-0.857,0-1.549-0.694-1.549-1.548 c0-0.855,0.691-1.548,1.549-1.548c0.854,0,1.547,0.694,1.547,1.548C8.551,7.881,7.858,8.574,7.004,8.574z M18.339,18.338h-2.669 v-4.177c0-0.996-0.017-2.278-1.387-2.278c-1.389,0-1.601,1.086-1.601,2.206v4.249h-2.667v-8.59h2.559v1.174h0.037 c0.356-0.675,1.227-1.387,2.526-1.387c2.703,0,3.203,1.779,3.203,4.092V18.338z\"><\/path><\/svg><span class=\"wp-block-social-link-label screen-reader-text\">LinkedIn<\/span><\/a><\/li><\/ul>\n<\/div>\n\n\n\n<div class=\"wp-block-column is-layout-flow wp-block-column-is-layout-flow\" style=\"flex-basis:55%\"><style id=\"wpforms-css-vars-53-block-c76f3226-2ab7-4cc5-a7dd-742d64fe97be\">\n\t\t\t\t#wpforms-53.wpforms-block-c76f3226-2ab7-4cc5-a7dd-742d64fe97be {\n\t\t\t\t--wpforms-label-color: #113755;\n--wpforms-field-border-color: #113755;\n--wpforms-field-border-color-spare: #113755;\n--wpforms-field-text-color: #113755;\n--wpforms-button-border-radius: 7px;\n--wpforms-button-background-color: #1cadd9;\n--wpforms-field-size-input-height: 43px;\n--wpforms-field-size-input-spacing: 15px;\n--wpforms-field-size-font-size: 16px;\n--wpforms-field-size-line-height: 19px;\n--wpforms-field-size-padding-h: 14px;\n--wpforms-field-size-checkbox-size: 16px;\n--wpforms-field-size-sublabel-spacing: 5px;\n--wpforms-field-size-icon-size: 1;\n--wpforms-label-size-font-size: 16px;\n--wpforms-label-size-line-height: 19px;\n--wpforms-label-size-sublabel-font-size: 14px;\n--wpforms-label-size-sublabel-line-height: 17px;\n--wpforms-button-size-font-size: 20px;\n--wpforms-button-size-height: 48px;\n--wpforms-button-size-padding-h: 20px;\n--wpforms-button-size-margin-top: 15px;\n\n\t\t\t}\n\t\t\t<\/style><style id=\"wpforms-custom-css-53-block-c76f3226-2ab7-4cc5-a7dd-742d64fe97be\">\n\t\t\t\tdiv.wpforms-container-full button[type=submit] {\nfont-weight: normal;\n}\n\t\t\t<\/style><div class=\"wpforms-container wpforms-container-full wpforms-block wpforms-block-c76f3226-2ab7-4cc5-a7dd-742d64fe97be wpforms-render-modern\" id=\"wpforms-53\"><form id=\"wpforms-form-53\" class=\"wpforms-validate wpforms-form wpforms-ajax-form\" data-formid=\"53\" method=\"post\" enctype=\"multipart\/form-data\" action=\"\/index.php\/wp-json\/wp\/v2\/pages\/347\" data-token=\"03b96daeac29be6920d0d3a9825002a2\" data-token-time=\"1775567612\"><noscript class=\"wpforms-error-noscript\">Veuillez activer JavaScript dans votre navigateur pour remplir ce formulaire.<\/noscript><div class=\"wpforms-hidden\" id=\"wpforms-error-noscript\">Veuillez activer JavaScript dans votre navigateur pour remplir ce formulaire.<\/div><div class=\"wpforms-field-container\"><div id=\"wpforms-53-field_1-container\" class=\"wpforms-field wpforms-field-name\" data-field-id=\"1\"><label class=\"wpforms-field-label\" for=\"wpforms-53-field_1\">Nom <span class=\"wpforms-required-label\" aria-hidden=\"true\">*<\/span><\/label><input type=\"text\" id=\"wpforms-53-field_1\" class=\"wpforms-field-large wpforms-field-required\" name=\"wpforms[fields][1]\" aria-errormessage=\"wpforms-53-field_1-error\" required><\/div><div id=\"wpforms-53-field_5-container\" class=\"wpforms-field wpforms-field-text\" data-field-id=\"5\"><label class=\"wpforms-field-label\" for=\"wpforms-53-field_5\">Soci\u00e9t\u00e9<\/label><input type=\"text\" id=\"wpforms-53-field_5\" class=\"wpforms-field-large\" name=\"wpforms[fields][5]\" aria-errormessage=\"wpforms-53-field_5-error\" ><\/div><div id=\"wpforms-53-field_2-container\" class=\"wpforms-field wpforms-field-email\" data-field-id=\"2\"><label class=\"wpforms-field-label\" for=\"wpforms-53-field_2\">E-mail <span class=\"wpforms-required-label\" aria-hidden=\"true\">*<\/span><\/label><input type=\"email\" id=\"wpforms-53-field_2\" class=\"wpforms-field-large wpforms-field-required\" name=\"wpforms[fields][2]\" spellcheck=\"false\" aria-errormessage=\"wpforms-53-field_2-error\" required><\/div><div id=\"wpforms-53-field_4-container\" class=\"wpforms-field wpforms-field-number\" data-field-id=\"4\"><label class=\"wpforms-field-label\" for=\"wpforms-53-field_4\">N\u00b0 de t\u00e9l\u00e9phone <span class=\"wpforms-required-label\" aria-hidden=\"true\">*<\/span><\/label><input type=\"number\" id=\"wpforms-53-field_4\" class=\"wpforms-field-large wpforms-field-required\" name=\"wpforms[fields][4]\" step=\"any\" aria-errormessage=\"wpforms-53-field_4-error\" required><\/div><div id=\"wpforms-53-field_3-container\" class=\"wpforms-field wpforms-field-textarea\" data-field-id=\"3\"><label class=\"wpforms-field-label\" for=\"wpforms-53-field_3\">Votre message<\/label><textarea id=\"wpforms-53-field_3\" class=\"wpforms-field-medium\" name=\"wpforms[fields][3]\" aria-errormessage=\"wpforms-53-field_3-error\" ><\/textarea><\/div><\/div><!-- .wpforms-field-container --><div class=\"wpforms-submit-container\" ><input type=\"hidden\" name=\"wpforms[id]\" value=\"53\"><input type=\"hidden\" name=\"page_title\" value=\"\"><input type=\"hidden\" name=\"page_url\" value=\"https:\/\/flexwatt.fr\/index.php\/wp-json\/wp\/v2\/pages\/347\"><input type=\"hidden\" name=\"url_referer\" value=\"\"><button type=\"submit\" name=\"wpforms[submit]\" id=\"wpforms-submit-53\" class=\"wpforms-submit\" data-alt-text=\"Envoi...\" data-submit-text=\"Envoyer\" aria-live=\"assertive\" value=\"wpforms-submit\">Envoyer<\/button><img loading=\"lazy\" decoding=\"async\" src=\"https:\/\/flexwatt.fr\/wp-content\/plugins\/wpforms-lite\/assets\/images\/submit-spin.svg\" class=\"wpforms-submit-spinner\" style=\"display: none;\" width=\"26\" height=\"26\" alt=\"Chargement en cours\"><\/div><\/form><\/div>  <!-- .wpforms-container --><\/div>\n<\/div>\n<\/div>\n<\/div>\n<\/section>\n","protected":false},"excerpt":{"rendered":"<p>Qui sommes-nous ? Op\u00e9rateur de stockage engag\u00e9 aux c\u00f4t\u00e9s des territoires et des industriels. Chez Flexwatt, nous \u00e9levons la transition \u00e9nerg\u00e9tique au rang de d\u00e9cision industrielle strat\u00e9gique. Sp\u00e9cialistes du stockage d\u2019\u00e9nergie (BESS) et de la production d\u00e9carbon\u00e9e, nous combinons ing\u00e9nierie de pointe et ma\u00eetrise des march\u00e9s pour concevoir des infrastructures durables, adapt\u00e9es aux r\u00e9alit\u00e9s des [&hellip;]<\/p>\n","protected":false},"author":1,"featured_media":0,"parent":0,"menu_order":0,"comment_status":"closed","ping_status":"closed","template":"","meta":{"footnotes":""},"class_list":["post-347","page","type-page","status-publish","hentry"],"_links":{"self":[{"href":"https:\/\/flexwatt.fr\/index.php\/wp-json\/wp\/v2\/pages\/347","targetHints":{"allow":["GET"]}}],"collection":[{"href":"https:\/\/flexwatt.fr\/index.php\/wp-json\/wp\/v2\/pages"}],"about":[{"href":"https:\/\/flexwatt.fr\/index.php\/wp-json\/wp\/v2\/types\/page"}],"author":[{"embeddable":true,"href":"https:\/\/flexwatt.fr\/index.php\/wp-json\/wp\/v2\/users\/1"}],"replies":[{"embeddable":true,"href":"https:\/\/flexwatt.fr\/index.php\/wp-json\/wp\/v2\/comments?post=347"}],"version-history":[{"count":76,"href":"https:\/\/flexwatt.fr\/index.php\/wp-json\/wp\/v2\/pages\/347\/revisions"}],"predecessor-version":[{"id":646,"href":"https:\/\/flexwatt.fr\/index.php\/wp-json\/wp\/v2\/pages\/347\/revisions\/646"}],"wp:attachment":[{"href":"https:\/\/flexwatt.fr\/index.php\/wp-json\/wp\/v2\/media?parent=347"}],"curies":[{"name":"wp","href":"https:\/\/api.w.org\/{rel}","templated":true}]}}