{"id":547,"date":"2025-10-11T16:15:15","date_gmt":"2025-10-11T14:15:15","guid":{"rendered":"https:\/\/flexwai.cluster100.hosting.ovh.net\/?page_id=547"},"modified":"2025-10-11T16:15:15","modified_gmt":"2025-10-11T14:15:15","slug":"mentions-legales","status":"publish","type":"page","link":"https:\/\/flexwatt.fr\/index.php\/mentions-legales\/","title":{"rendered":"Mentions l\u00e9gales"},"content":{"rendered":"\n<div class=\"wp-block-cover alignfull\" style=\"margin-top:0;margin-bottom:0;padding-top:0;padding-bottom:0;min-height:251px;aspect-ratio:unset;\"><img loading=\"lazy\" decoding=\"async\" width=\"1920\" height=\"1080\" class=\"wp-block-cover__image-background wp-image-560 size-full\" alt=\"\" src=\"https:\/\/flexwai.cluster100.hosting.ovh.net\/wp-content\/uploads\/2025\/10\/flexwatt_site.png\" data-object-fit=\"cover\" srcset=\"https:\/\/flexwatt.fr\/wp-content\/uploads\/2025\/10\/flexwatt_site.png 1920w, https:\/\/flexwatt.fr\/wp-content\/uploads\/2025\/10\/flexwatt_site-300x169.png 300w, https:\/\/flexwatt.fr\/wp-content\/uploads\/2025\/10\/flexwatt_site-1024x576.png 1024w, https:\/\/flexwatt.fr\/wp-content\/uploads\/2025\/10\/flexwatt_site-768x432.png 768w, https:\/\/flexwatt.fr\/wp-content\/uploads\/2025\/10\/flexwatt_site-1536x864.png 1536w\" sizes=\"auto, (max-width: 1920px) 100vw, 1920px\" \/><span aria-hidden=\"true\" class=\"wp-block-cover__background has-background-dim-30 has-background-dim\" style=\"background-color:#010101\"><\/span><div class=\"wp-block-cover__inner-container has-global-padding is-layout-constrained wp-container-core-cover-is-layout-9af0570d wp-block-cover-is-layout-constrained\">\n<p class=\"has-text-align-center has-large-font-size\"><\/p>\n<\/div><\/div>\n\n\n\n<section class=\"wp-block-group alignfull has-text-color has-background has-global-padding is-layout-constrained wp-container-core-group-is-layout-a65acd77 wp-block-group-is-layout-constrained\" style=\"color:#113755;background-color:#1cadd926;margin-top:0rem;margin-bottom:0rem;padding-right:1rem;padding-left:1rem;font-size:clamp(0.875rem, 0.875rem + ((1vw - 0.2rem) * 0.464), 1.13rem);font-style:normal;font-weight:400;line-height:1.5\">\n<div class=\"wp-block-group ma_section has-global-padding is-layout-constrained wp-container-core-group-is-layout-a4e55b9c wp-block-group-is-layout-constrained\" style=\"padding-top:6.01rem;padding-bottom:6.01rem\">\n<div class=\"wp-block-group is-layout-flow wp-block-group-is-layout-flow\" style=\"margin-top:0;margin-bottom:0;padding-top:0;padding-right:1rem;padding-bottom:0;padding-left:1rem\">\n<h2 class=\"wp-block-heading\" style=\"margin-bottom:var(--wp--preset--spacing--60)\">Mentions l\u00e9gales<\/h2>\n\n\n\n<p class=\"has-text-align-left les_mentions_legales\"><strong>\u00c9diteur du site<\/strong><br>FLEXWATT \u2014 SAS, capital 10 000,00 \u20ac.<br>Si\u00e8ge : 1 avenue du Champs de Mars \u2013 45 100 Orl\u00e9ans.<br>RCS : Orleans  n\u00b0 988 498 713 \u2014 TVA intracom : FR26988498713.<br><strong>Directeur de la publication<\/strong> : Flexwatt.<br><strong>Contact<\/strong> : <a href=\"mailto:#\">contact@flexwatt.fr<\/a> \u2014 <a href=\"tel:02 38 69 80 80\">02 38 69 80 52<\/a>.<br><strong>H\u00e9bergeur<\/strong> :<br>OVHcloud \u2014 2 rue Kellermann, 59100 Roubaix \u2014 09 72 10 10 07.<\/p>\n\n\n\n<p>Sauf mention contraire, les textes, images et autres contenus de ce site sont la propri\u00e9t\u00e9 exclusive de FLEXWATT au sens des articles <strong>L111-1 et suivants<\/strong> du Code de la propri\u00e9t\u00e9 intellectuelle. Toute reproduction, repr\u00e9sentation ou diffusion, m\u00eame partielle, sans autorisation pr\u00e9alable est interdite.<\/p>\n<\/div>\n<\/div>\n<\/section>\n","protected":false},"excerpt":{"rendered":"<p>Mentions l\u00e9gales \u00c9diteur du siteFLEXWATT \u2014 SAS, capital 10 000,00 \u20ac.Si\u00e8ge : 1 avenue du Champs de Mars \u2013 45 100 Orl\u00e9ans.RCS : Orleans n\u00b0 988 498 713 \u2014 TVA intracom : FR26988498713.Directeur de la publication : Flexwatt.Contact : contact@flexwatt.fr \u2014 02 38 69 80 52.H\u00e9bergeur :OVHcloud \u2014 2 rue Kellermann, 59100 Roubaix \u2014 09 [&hellip;]<\/p>\n","protected":false},"author":1,"featured_media":0,"parent":0,"menu_order":0,"comment_status":"closed","ping_status":"closed","template":"","meta":{"footnotes":""},"class_list":["post-547","page","type-page","status-publish","hentry"],"_links":{"self":[{"href":"https:\/\/flexwatt.fr\/index.php\/wp-json\/wp\/v2\/pages\/547","targetHints":{"allow":["GET"]}}],"collection":[{"href":"https:\/\/flexwatt.fr\/index.php\/wp-json\/wp\/v2\/pages"}],"about":[{"href":"https:\/\/flexwatt.fr\/index.php\/wp-json\/wp\/v2\/types\/page"}],"author":[{"embeddable":true,"href":"https:\/\/flexwatt.fr\/index.php\/wp-json\/wp\/v2\/users\/1"}],"replies":[{"embeddable":true,"href":"https:\/\/flexwatt.fr\/index.php\/wp-json\/wp\/v2\/comments?post=547"}],"version-history":[{"count":10,"href":"https:\/\/flexwatt.fr\/index.php\/wp-json\/wp\/v2\/pages\/547\/revisions"}],"predecessor-version":[{"id":564,"href":"https:\/\/flexwatt.fr\/index.php\/wp-json\/wp\/v2\/pages\/547\/revisions\/564"}],"wp:attachment":[{"href":"https:\/\/flexwatt.fr\/index.php\/wp-json\/wp\/v2\/media?parent=547"}],"curies":[{"name":"wp","href":"https:\/\/api.w.org\/{rel}","templated":true}]}}