{"id":565,"date":"2025-10-11T16:25:46","date_gmt":"2025-10-11T14:25:46","guid":{"rendered":"https:\/\/flexwai.cluster100.hosting.ovh.net\/?page_id=565"},"modified":"2025-10-11T16:25:46","modified_gmt":"2025-10-11T14:25:46","slug":"politique-de-confidentialite","status":"publish","type":"page","link":"https:\/\/flexwatt.fr\/index.php\/politique-de-confidentialite\/","title":{"rendered":"Politique de confidentialit\u00e9"},"content":{"rendered":"\n<div class=\"wp-block-cover alignfull\" style=\"margin-top:0;margin-bottom:0;padding-top:0;padding-bottom:0;min-height:251px;aspect-ratio:unset;\"><img loading=\"lazy\" decoding=\"async\" width=\"1920\" height=\"1080\" class=\"wp-block-cover__image-background wp-image-560 size-full\" alt=\"\" src=\"https:\/\/flexwai.cluster100.hosting.ovh.net\/wp-content\/uploads\/2025\/10\/flexwatt_site.png\" data-object-fit=\"cover\" srcset=\"https:\/\/flexwatt.fr\/wp-content\/uploads\/2025\/10\/flexwatt_site.png 1920w, https:\/\/flexwatt.fr\/wp-content\/uploads\/2025\/10\/flexwatt_site-300x169.png 300w, https:\/\/flexwatt.fr\/wp-content\/uploads\/2025\/10\/flexwatt_site-1024x576.png 1024w, https:\/\/flexwatt.fr\/wp-content\/uploads\/2025\/10\/flexwatt_site-768x432.png 768w, https:\/\/flexwatt.fr\/wp-content\/uploads\/2025\/10\/flexwatt_site-1536x864.png 1536w\" sizes=\"auto, (max-width: 1920px) 100vw, 1920px\" \/><span aria-hidden=\"true\" class=\"wp-block-cover__background has-background-dim-30 has-background-dim\" style=\"background-color:#010101\"><\/span><div class=\"wp-block-cover__inner-container has-global-padding is-layout-constrained wp-container-core-cover-is-layout-9af0570d wp-block-cover-is-layout-constrained\">\n<p class=\"has-text-align-center has-large-font-size\"><\/p>\n<\/div><\/div>\n\n\n\n<section class=\"wp-block-group alignfull has-text-color has-background has-global-padding is-layout-constrained wp-container-core-group-is-layout-a65acd77 wp-block-group-is-layout-constrained\" style=\"color:#113755;background-color:#1cadd926;margin-top:0rem;margin-bottom:0rem;padding-right:1rem;padding-left:1rem;font-size:clamp(0.875rem, 0.875rem + ((1vw - 0.2rem) * 0.464), 1.13rem);font-style:normal;font-weight:400;line-height:1.5\">\n<div class=\"wp-block-group ma_section has-global-padding is-layout-constrained wp-container-core-group-is-layout-a4e55b9c wp-block-group-is-layout-constrained\" style=\"padding-top:6.01rem;padding-bottom:6.01rem\">\n<div class=\"wp-block-group is-layout-flow wp-block-group-is-layout-flow\" style=\"margin-top:0;margin-bottom:0;padding-top:0;padding-right:1rem;padding-bottom:0;padding-left:1rem\">\n<h2 class=\"wp-block-heading\" style=\"margin-bottom:var(--wp--preset--spacing--60)\">Politique de confidentialit\u00e9<\/h2>\n\n\n\n<p class=\"has-text-align-left politique_de_confidentialite\"><strong>Responsable du traitement<\/strong> : FLEXWATT SAS, 1 AVENUE DU CHAMP DE MARS, 45100 ORLEANS.<br><strong>Donn\u00e9es collect\u00e9es<\/strong> : nom, soci\u00e9t\u00e9, email, message (formulaire de contact).<br><strong>Finalit\u00e9<\/strong> : r\u00e9pondre aux demandes.<br><strong>Base l\u00e9gale<\/strong> : int\u00e9r\u00eat l\u00e9gitime.<br><strong>Dur\u00e9e de conservation<\/strong> : <strong>3 ans<\/strong> apr\u00e8s le dernier contact pour les prospects.<br><strong>Destinataires<\/strong> : \u00e9quipe Flexwatt et prestataires techniques strictement n\u00e9cessaires (h\u00e9bergement, email).<br><strong>Transferts hors UE<\/strong> : non.<br><strong>Vos droits<\/strong> : acc\u00e8s, rectification, opposition, effacement, limitation, portabilit\u00e9.<br><strong>Contact pour exercer vos droits<\/strong> : <a href=\"mailto:#\">contact@flexwatt.fr<\/a>.<br><strong>R\u00e9clamation<\/strong> : aupr\u00e8s de la CNIL (<a href=\"https:\/\/cnil.fr\/fr\">cnil.fr<\/a>).<\/p>\n<\/div>\n<\/div>\n<\/section>\n\n\n\n<p><\/p>\n","protected":false},"excerpt":{"rendered":"<p>Politique de confidentialit\u00e9 Responsable du traitement : FLEXWATT SAS, 1 AVENUE DU CHAMP DE MARS, 45100 ORLEANS.Donn\u00e9es collect\u00e9es : nom, soci\u00e9t\u00e9, email, message (formulaire de contact).Finalit\u00e9 : r\u00e9pondre aux demandes.Base l\u00e9gale : int\u00e9r\u00eat l\u00e9gitime.Dur\u00e9e de conservation : 3 ans apr\u00e8s le dernier contact pour les prospects.Destinataires : \u00e9quipe Flexwatt et prestataires techniques strictement n\u00e9cessaires (h\u00e9bergement, [&hellip;]<\/p>\n","protected":false},"author":1,"featured_media":0,"parent":0,"menu_order":0,"comment_status":"closed","ping_status":"closed","template":"","meta":{"footnotes":""},"class_list":["post-565","page","type-page","status-publish","hentry"],"_links":{"self":[{"href":"https:\/\/flexwatt.fr\/index.php\/wp-json\/wp\/v2\/pages\/565","targetHints":{"allow":["GET"]}}],"collection":[{"href":"https:\/\/flexwatt.fr\/index.php\/wp-json\/wp\/v2\/pages"}],"about":[{"href":"https:\/\/flexwatt.fr\/index.php\/wp-json\/wp\/v2\/types\/page"}],"author":[{"embeddable":true,"href":"https:\/\/flexwatt.fr\/index.php\/wp-json\/wp\/v2\/users\/1"}],"replies":[{"embeddable":true,"href":"https:\/\/flexwatt.fr\/index.php\/wp-json\/wp\/v2\/comments?post=565"}],"version-history":[{"count":4,"href":"https:\/\/flexwatt.fr\/index.php\/wp-json\/wp\/v2\/pages\/565\/revisions"}],"predecessor-version":[{"id":571,"href":"https:\/\/flexwatt.fr\/index.php\/wp-json\/wp\/v2\/pages\/565\/revisions\/571"}],"wp:attachment":[{"href":"https:\/\/flexwatt.fr\/index.php\/wp-json\/wp\/v2\/media?parent=565"}],"curies":[{"name":"wp","href":"https:\/\/api.w.org\/{rel}","templated":true}]}}